{"id":123,"date":"2025-07-30T17:09:54","date_gmt":"2025-07-30T17:09:54","guid":{"rendered":"https:\/\/ccclarosa.org\/wordpress_r\/?page_id=123"},"modified":"2025-08-09T17:53:38","modified_gmt":"2025-08-09T17:53:38","slug":"elementor-pagina-123","status":"publish","type":"page","link":"https:\/\/ccclarosa.org\/wordpress_r\/index.php\/elementor-pagina-123\/","title":{"rendered":"Convenios"},"content":{"rendered":"\t\t<div data-elementor-type=\"wp-page\" data-elementor-id=\"123\" class=\"elementor elementor-123\" data-elementor-settings=\"{&quot;ha_cmc_init_switcher&quot;:&quot;no&quot;}\">\n\t\t\t\t\t\t<section class=\"elementor-section elementor-top-section elementor-element elementor-element-5d7af62e elementor-section-content-middle elementor-section-boxed elementor-section-height-default elementor-section-height-default\" data-id=\"5d7af62e\" data-element_type=\"section\" data-e-type=\"section\" data-settings=\"{&quot;background_background&quot;:&quot;classic&quot;,&quot;_ha_eqh_enable&quot;:false}\">\n\t\t\t\t\t\t\t<div class=\"elementor-background-overlay\"><\/div>\n\t\t\t\t\t\t\t<div class=\"elementor-container elementor-column-gap-default\">\n\t\t\t\t\t<div class=\"elementor-column elementor-col-50 elementor-top-column elementor-element elementor-element-22d64b23\" data-id=\"22d64b23\" data-element_type=\"column\" data-e-type=\"column\">\n\t\t\t<div class=\"elementor-widget-wrap elementor-element-populated\">\n\t\t\t\t\t\t<div class=\"elementor-element elementor-element-70d96543 elementor-widget elementor-widget-heading\" data-id=\"70d96543\" data-element_type=\"widget\" data-e-type=\"widget\" data-widget_type=\"heading.default\">\n\t\t\t\t\t<h2 class=\"elementor-heading-title elementor-size-default\">Convenios<\/h2>\t\t\t\t<\/div>\n\t\t\t\t\t<\/div>\n\t\t<\/div>\n\t\t\t\t<div class=\"elementor-column elementor-col-50 elementor-top-column elementor-element elementor-element-2b50737d\" data-id=\"2b50737d\" data-element_type=\"column\" data-e-type=\"column\">\n\t\t\t<div class=\"elementor-widget-wrap elementor-element-populated\">\n\t\t\t\t\t\t<div class=\"elementor-element elementor-element-4f86e442 elementor-icon-list--layout-inline elementor-align-end elementor-mobile-align-center elementor-list-item-link-full_width elementor-widget elementor-widget-icon-list\" data-id=\"4f86e442\" data-element_type=\"widget\" data-e-type=\"widget\" data-widget_type=\"icon-list.default\">\n\t\t\t\t\t\t\t<ul class=\"elementor-icon-list-items elementor-inline-items\">\n\t\t\t\t\t\t\t<li class=\"elementor-icon-list-item elementor-inline-item\">\n\t\t\t\t\t\t\t\t\t\t\t<a href=\"https:\/\/ccclarosa.org\/wordpress_r\/wordpress_r\/index.php\/home\">\n\n\t\t\t\t\t\t\t\t\t\t\t<span class=\"elementor-icon-list-text\">Inicios<\/span>\n\t\t\t\t\t\t\t\t\t\t\t<\/a>\n\t\t\t\t\t\t\t\t\t<\/li>\n\t\t\t\t\t\t\t\t<li class=\"elementor-icon-list-item elementor-inline-item\">\n\t\t\t\t\t\t\t\t\t\t\t<span class=\"elementor-icon-list-icon\">\n\t\t\t\t\t\t\t<svg aria-hidden=\"true\" class=\"e-font-icon-svg e-fas-chevron-right\" viewBox=\"0 0 320 512\" xmlns=\"http:\/\/www.w3.org\/2000\/svg\"><path d=\"M285.476 272.971L91.132 467.314c-9.373 9.373-24.569 9.373-33.941 0l-22.667-22.667c-9.357-9.357-9.375-24.522-.04-33.901L188.505 256 34.484 101.255c-9.335-9.379-9.317-24.544.04-33.901l22.667-22.667c9.373-9.373 24.569-9.373 33.941 0L285.475 239.03c9.373 9.372 9.373 24.568.001 33.941z\"><\/path><\/svg>\t\t\t\t\t\t<\/span>\n\t\t\t\t\t\t\t\t\t\t<span class=\"elementor-icon-list-text\">Convenios<\/span>\n\t\t\t\t\t\t\t\t\t<\/li>\n\t\t\t\t\t\t<\/ul>\n\t\t\t\t\t\t<\/div>\n\t\t\t\t\t<\/div>\n\t\t<\/div>\n\t\t\t\t\t<\/div>\n\t\t<\/section>\n\t\t<div class=\"elementor-element elementor-element-670e6257 e-con-full e-flex e-con e-parent\" data-id=\"670e6257\" data-element_type=\"container\" data-e-type=\"container\" data-settings=\"{&quot;_ha_eqh_enable&quot;:false}\">\n\t\t<div class=\"elementor-element elementor-element-2ee69f71 e-flex e-con-boxed e-con e-child\" data-id=\"2ee69f71\" data-element_type=\"container\" data-e-type=\"container\" data-settings=\"{&quot;_ha_eqh_enable&quot;:false}\">\n\t\t\t\t\t<div class=\"e-con-inner\">\n\t\t<div class=\"elementor-element elementor-element-50f7d17 e-con-full e-flex e-con e-child\" data-id=\"50f7d17\" data-element_type=\"container\" data-e-type=\"container\" data-settings=\"{&quot;_ha_eqh_enable&quot;:false}\">\n\t\t<div class=\"elementor-element elementor-element-714129ab e-flex e-con-boxed e-con e-child\" data-id=\"714129ab\" data-element_type=\"container\" data-e-type=\"container\" data-settings=\"{&quot;_ha_eqh_enable&quot;:false}\">\n\t\t\t\t\t<div class=\"e-con-inner\">\n\t\t\t\t<div class=\"elementor-element elementor-element-610e34a3 elementor-invisible elementor-widget elementor-widget-heading\" data-id=\"610e34a3\" data-element_type=\"widget\" data-e-type=\"widget\" data-settings=\"{&quot;_animation&quot;:&quot;fadeInUp&quot;}\" data-widget_type=\"heading.default\">\n\t\t\t\t\t<h2 class=\"elementor-heading-title elementor-size-default\">\/ Service<\/h2>\t\t\t\t<\/div>\n\t\t\t\t<div class=\"elementor-element elementor-element-3f1b63ec elementor-invisible elementor-widget elementor-widget-heading\" data-id=\"3f1b63ec\" data-element_type=\"widget\" data-e-type=\"widget\" data-settings=\"{&quot;_animation&quot;:&quot;slideInUp&quot;,&quot;_animation_delay&quot;:200}\" data-widget_type=\"heading.default\">\n\t\t\t\t\t<h2 class=\"elementor-heading-title elementor-size-default\">descubre nuestros convenios<\/h2>\t\t\t\t<\/div>\n\t\t\t\t\t<\/div>\n\t\t\t\t<\/div>\n\t\t<div class=\"elementor-element elementor-element-361bed0 e-flex e-con-boxed e-con e-child\" data-id=\"361bed0\" data-element_type=\"container\" data-e-type=\"container\" data-settings=\"{&quot;_ha_eqh_enable&quot;:false}\">\n\t\t\t\t\t<div class=\"e-con-inner\">\n\t\t<div class=\"elementor-element elementor-element-6c97c14e e-con-full e-flex elementor-invisible e-con e-child\" data-id=\"6c97c14e\" data-element_type=\"container\" data-e-type=\"container\" data-settings=\"{&quot;animation&quot;:&quot;fadeInUp&quot;,&quot;animation_delay&quot;:200,&quot;_ha_eqh_enable&quot;:false}\">\n\t\t\t\t<div class=\"elementor-element elementor-element-35c149be ekit-equal-height-disable elementor-widget elementor-widget-elementskit-image-box\" data-id=\"35c149be\" data-element_type=\"widget\" data-e-type=\"widget\" data-widget_type=\"elementskit-image-box.default\">\n\t\t\t\t\t<div class=\"ekit-wid-con\" >\n            <div class=\"elementskit-info-image-box ekit-image-box text-left hover_from_left hover-border-bottom\" >\n\n                \n                <div class=\"elementskit-box-header image-box-img-left\">\n\n                    <img fetchpriority=\"high\" decoding=\"async\" width=\"248\" height=\"245\" src=\"https:\/\/ccclarosa.org\/wordpress_r\/wp-content\/uploads\/2025\/07\/imagen_2025-07-30_150247623.png\" class=\"attachment-full size-full wp-image-213\" alt=\"\" \/>\n                <\/div>\n                \n                <div class=\"elementskit-box-body ekit-image-box-body\">\n                    <div class=\"elementskit-box-content ekit-image-box-body-inner\">\n                                                <h3 class=\"elementskit-info-box-title\">\n\n                        Casa del joven\n                        \n                    <\/h3>\n                                                            <div class=\"elementskit-box-style-content\">\n                        Promoci\u00f3n, orientaci\u00f3n y capacitaci\u00f3n integral para la vida y el trabajo de los y las j\u00f3venes.\n                    <\/div>\n                                    <\/div>\n\n                                <div class=\"elementskit-box-footer\">\n                    <div class=\"box-footer\">\n                        <div class=\"btn-wraper\">\n                                                            <a href=\"https:\/\/www.casadeljovenpasto.org\" target=\"_blank\" class=\"elementskit-btn whitespace--normal\">\n                                    Conoce Mas                                <\/a>\n                                                    <\/div>\n                    <\/div>\n                <\/div>\n                            <\/div>\n            <\/div>\n    <\/div>\t\t\t\t<\/div>\n\t\t\t\t<\/div>\n\t\t<div class=\"elementor-element elementor-element-65256e9c e-con-full e-flex elementor-invisible e-con e-child\" data-id=\"65256e9c\" data-element_type=\"container\" data-e-type=\"container\" data-settings=\"{&quot;animation&quot;:&quot;fadeInUp&quot;,&quot;animation_delay&quot;:400,&quot;_ha_eqh_enable&quot;:false}\">\n\t\t\t\t<div class=\"elementor-element elementor-element-9149152 ekit-equal-height-disable elementor-widget elementor-widget-elementskit-image-box\" data-id=\"9149152\" data-element_type=\"widget\" data-e-type=\"widget\" data-widget_type=\"elementskit-image-box.default\">\n\t\t\t\t\t<div class=\"ekit-wid-con\" >\n            <div class=\"elementskit-info-image-box ekit-image-box text-left hover_from_left hover-border-bottom\" >\n\n                \n                <div class=\"elementskit-box-header image-box-img-left\">\n\n                    <img decoding=\"async\" width=\"247\" height=\"245\" src=\"https:\/\/ccclarosa.org\/wordpress_r\/wp-content\/uploads\/2025\/07\/imagen_2025-07-30_150606871.png\" class=\"attachment-full size-full wp-image-214\" alt=\"\" srcset=\"https:\/\/ccclarosa.org\/wordpress_r\/wp-content\/uploads\/2025\/07\/imagen_2025-07-30_150606871.png 247w, https:\/\/ccclarosa.org\/wordpress_r\/wp-content\/uploads\/2025\/07\/imagen_2025-07-30_150606871-150x150.png 150w\" sizes=\"(max-width: 247px) 100vw, 247px\" \/>\n                <\/div>\n                \n                <div class=\"elementskit-box-body ekit-image-box-body\">\n                    <div class=\"elementskit-box-content ekit-image-box-body-inner\">\n                                                <h3 class=\"elementskit-info-box-title\">\n\n                        I.E.M. La Rosa\n                        \n                    <\/h3>\n                                                            <div class=\"elementskit-box-style-content\">\n                        Formaci\u00f3n iintegral a los estudiantes mediante los valores del Evangelio y el modelo educativo humanista con enfoque pedag\u00f3gico personalizado                    <\/div>\n                                    <\/div>\n\n                                <div class=\"elementskit-box-footer\">\n                    <div class=\"box-footer\">\n                        <div class=\"btn-wraper\">\n                                                            <a href=\"https:\/\/iem-larosa.com\" class=\"elementskit-btn whitespace--normal\">\n                                    Conoce Mas                                <\/a>\n                                                    <\/div>\n                    <\/div>\n                <\/div>\n                            <\/div>\n            <\/div>\n    <\/div>\t\t\t\t<\/div>\n\t\t\t\t<\/div>\n\t\t<div class=\"elementor-element elementor-element-180e1003 e-con-full e-flex elementor-invisible e-con e-child\" data-id=\"180e1003\" data-element_type=\"container\" data-e-type=\"container\" data-settings=\"{&quot;animation&quot;:&quot;fadeInUp&quot;,&quot;animation_delay&quot;:600,&quot;_ha_eqh_enable&quot;:false}\">\n\t\t\t\t<div class=\"elementor-element elementor-element-2011e121 ekit-equal-height-disable elementor-widget elementor-widget-elementskit-image-box\" data-id=\"2011e121\" data-element_type=\"widget\" data-e-type=\"widget\" data-widget_type=\"elementskit-image-box.default\">\n\t\t\t\t\t<div class=\"ekit-wid-con\" >\n            <div class=\"elementskit-info-image-box ekit-image-box text-left hover_from_left hover-border-bottom\" >\n\n                \n                <div class=\"elementskit-box-header image-box-img-left\">\n\n                    <img decoding=\"async\" width=\"1200\" height=\"1476\" src=\"https:\/\/ccclarosa.org\/wordpress_r\/wp-content\/uploads\/2025\/07\/imagen_2025-07-30_151908269.png\" class=\"attachment-full size-full wp-image-215\" alt=\"\" srcset=\"https:\/\/ccclarosa.org\/wordpress_r\/wp-content\/uploads\/2025\/07\/imagen_2025-07-30_151908269.png 1200w, https:\/\/ccclarosa.org\/wordpress_r\/wp-content\/uploads\/2025\/07\/imagen_2025-07-30_151908269-244x300.png 244w, https:\/\/ccclarosa.org\/wordpress_r\/wp-content\/uploads\/2025\/07\/imagen_2025-07-30_151908269-833x1024.png 833w, https:\/\/ccclarosa.org\/wordpress_r\/wp-content\/uploads\/2025\/07\/imagen_2025-07-30_151908269-768x945.png 768w\" sizes=\"(max-width: 1200px) 100vw, 1200px\" \/>\n                <\/div>\n                \n                <div class=\"elementskit-box-body ekit-image-box-body\">\n                    <div class=\"elementskit-box-content ekit-image-box-body-inner\">\n                                                <h3 class=\"elementskit-info-box-title\">\n\n                        CDI LA ROSA\n                        \n                    <\/h3>\n                                                            <div class=\"elementskit-box-style-content\">\n                        Formaci\u00f3n integral mediante el modelo educativo humanista con enfoque pedag\u00f3gico personalizado                    <\/div>\n                                    <\/div>\n\n                                <div class=\"elementskit-box-footer\">\n                    <div class=\"box-footer\">\n                        <div class=\"btn-wraper\">\n                                                            <a href=\"https:\/\/www.icbf.gov.co\/corporacion-centro-comunitario-la-rosa\" class=\"elementskit-btn whitespace--normal\">\n                                    Conoce Mas                                 <\/a>\n                                                    <\/div>\n                    <\/div>\n                <\/div>\n                            <\/div>\n            <\/div>\n    <\/div>\t\t\t\t<\/div>\n\t\t\t\t<\/div>\n\t\t\t\t\t<\/div>\n\t\t\t\t<\/div>\n\t\t\t\t<\/div>\n\t\t\t\t\t<\/div>\n\t\t\t\t<\/div>\n\t\t\t\t<\/div>\n\t\t\t\t<\/div>\n\t\t","protected":false},"excerpt":{"rendered":"<p>Convenios Inicios Convenios \/ Service descubre nuestros convenios Casa del joven Promoci\u00f3n, orientaci\u00f3n y capacitaci\u00f3n integral para la vida y el trabajo de los y las j\u00f3venes. Conoce Mas I.E.M. La Rosa Formaci\u00f3n iintegral a los estudiantes mediante los valores del Evangelio y el modelo educativo humanista con enfoque pedag\u00f3gico personalizado Conoce Mas CDI LA [&hellip;]<\/p>\n","protected":false},"author":1,"featured_media":0,"parent":0,"menu_order":0,"comment_status":"closed","ping_status":"closed","template":"elementor_canvas","meta":{"_eb_attr":"","footnotes":""},"class_list":["post-123","page","type-page","status-publish","hentry"],"_links":{"self":[{"href":"https:\/\/ccclarosa.org\/wordpress_r\/index.php\/wp-json\/wp\/v2\/pages\/123","targetHints":{"allow":["GET"]}}],"collection":[{"href":"https:\/\/ccclarosa.org\/wordpress_r\/index.php\/wp-json\/wp\/v2\/pages"}],"about":[{"href":"https:\/\/ccclarosa.org\/wordpress_r\/index.php\/wp-json\/wp\/v2\/types\/page"}],"author":[{"embeddable":true,"href":"https:\/\/ccclarosa.org\/wordpress_r\/index.php\/wp-json\/wp\/v2\/users\/1"}],"replies":[{"embeddable":true,"href":"https:\/\/ccclarosa.org\/wordpress_r\/index.php\/wp-json\/wp\/v2\/comments?post=123"}],"version-history":[{"count":26,"href":"https:\/\/ccclarosa.org\/wordpress_r\/index.php\/wp-json\/wp\/v2\/pages\/123\/revisions"}],"predecessor-version":[{"id":440,"href":"https:\/\/ccclarosa.org\/wordpress_r\/index.php\/wp-json\/wp\/v2\/pages\/123\/revisions\/440"}],"wp:attachment":[{"href":"https:\/\/ccclarosa.org\/wordpress_r\/index.php\/wp-json\/wp\/v2\/media?parent=123"}],"curies":[{"name":"wp","href":"https:\/\/api.w.org\/{rel}","templated":true}]}}